{"id":49,"date":"2020-10-29T09:51:51","date_gmt":"2020-10-29T09:51:51","guid":{"rendered":"http:\/\/89.166.51.80\/~pohjoispaij\/ahtola\/?page_id=49"},"modified":"2025-12-31T13:35:23","modified_gmt":"2025-12-31T11:35:23","slug":"paatokset","status":"publish","type":"page","link":"https:\/\/pihtiputaankalatalousalue.fi\/alvajarvi\/paatokset\/","title":{"rendered":"P\u00e4\u00e4t\u00f6kset"},"content":{"rendered":"\n<h2 class=\"wp-block-heading\">Rajoitukset<\/h2>\n\n\n\n<p>Jokisuut rauhoitettu verkkopyynnilt\u00e4 j\u00e4iden l\u00e4ht\u00f6\u00f6n saakka.<\/p>\n\n\n\n<p>Rekolanlahden keskiv\u00e4yl\u00e4st\u00e4 1\/3 osa verkkopyynnilt\u00e4 koko kauden.<br>Autionjoen koskialue v\u00e4lill\u00e4 Aution silta \u2013 Reisj\u00e4rventien silta pyynti sallittu vain katiskalla verkkopyynti kielletty koko joki alueella.<br>Verkon pienin silm\u00e4koko selk\u00e4vesill\u00e4 55 mm pois lukien muikkuverkot.<br>Verkot merkitt\u00e4v\u00e4 virallisilla lippumerkeill\u00e4, katiska n\u00e4kyvill\u00e4 kohoilla, pyydysmerkin tulee olla n\u00e4kyvill\u00e4 pyydyksiss\u00e4, vaajoilla pyyntipaikan varaaminen kielletty.<\/p>\n","protected":false},"excerpt":{"rendered":"<p>Rajoitukset Jokisuut rauhoitettu verkkopyynnilt\u00e4 j\u00e4iden l\u00e4ht\u00f6\u00f6n saakka. Rekolanlahden keskiv\u00e4yl\u00e4st\u00e4 1\/3 osa verkkopyynnilt\u00e4 koko kauden.Autionjoen koskialue v\u00e4lill\u00e4 Aution silta \u2013 Reisj\u00e4rventien silta pyynti sallittu vain katiskalla verkkopyynti kielletty koko joki alueella.Verkon pienin silm\u00e4koko selk\u00e4vesill\u00e4 55 mm pois lukien muikkuverkot.Verkot merkitt\u00e4v\u00e4 virallisilla lippumerkeill\u00e4, katiska n\u00e4kyvill\u00e4 kohoilla, pyydysmerkin tulee olla n\u00e4kyvill\u00e4 pyydyksiss\u00e4, vaajoilla pyyntipaikan varaaminen kielletty.<\/p>\n","protected":false},"author":1,"featured_media":0,"parent":0,"menu_order":0,"comment_status":"closed","ping_status":"closed","template":"basic-sivu.php","meta":{"_acf_changed":false,"footnotes":""},"class_list":["post-49","page","type-page","status-publish","hentry"],"acf":[],"yoast_head":"<!-- This site is optimized with the Yoast SEO plugin v27.1.1 - https:\/\/yoast.com\/product\/yoast-seo-wordpress\/ -->\n<title>P\u00e4\u00e4t\u00f6kset - Alvaj\u00e4rven osakaskunta<\/title>\n<meta name=\"robots\" content=\"index, follow, max-snippet:-1, max-image-preview:large, max-video-preview:-1\" \/>\n<link rel=\"canonical\" href=\"https:\/\/pihtiputaankalatalousalue.fi\/alvajarvi\/paatokset\/\" \/>\n<meta property=\"og:locale\" content=\"fi_FI\" \/>\n<meta property=\"og:type\" content=\"article\" \/>\n<meta property=\"og:title\" content=\"P\u00e4\u00e4t\u00f6kset - Alvaj\u00e4rven osakaskunta\" \/>\n<meta property=\"og:description\" content=\"Rajoitukset Jokisuut rauhoitettu verkkopyynnilt\u00e4 j\u00e4iden l\u00e4ht\u00f6\u00f6n saakka. Rekolanlahden keskiv\u00e4yl\u00e4st\u00e4 1\/3 osa verkkopyynnilt\u00e4 koko kauden.Autionjoen koskialue v\u00e4lill\u00e4 Aution silta \u2013 Reisj\u00e4rventien silta pyynti sallittu vain katiskalla verkkopyynti kielletty koko joki alueella.Verkon pienin silm\u00e4koko selk\u00e4vesill\u00e4 55 mm pois lukien muikkuverkot.Verkot merkitt\u00e4v\u00e4 virallisilla lippumerkeill\u00e4, katiska n\u00e4kyvill\u00e4 kohoilla, pyydysmerkin tulee olla n\u00e4kyvill\u00e4 pyydyksiss\u00e4, vaajoilla pyyntipaikan varaaminen kielletty.\" \/>\n<meta property=\"og:url\" content=\"https:\/\/pihtiputaankalatalousalue.fi\/alvajarvi\/paatokset\/\" \/>\n<meta property=\"og:site_name\" content=\"Alvaj\u00e4rven osakaskunta\" \/>\n<meta property=\"article:modified_time\" content=\"2025-12-31T11:35:23+00:00\" \/>\n<meta name=\"twitter:card\" content=\"summary_large_image\" \/>\n<meta name=\"twitter:label1\" content=\"Arvioitu lukuaika\" \/>\n\t<meta name=\"twitter:data1\" content=\"1 minuutti\" \/>\n<script type=\"application\/ld+json\" class=\"yoast-schema-graph\">{\"@context\":\"https:\/\/schema.org\",\"@graph\":[{\"@type\":\"WebPage\",\"@id\":\"https:\/\/pihtiputaankalatalousalue.fi\/alvajarvi\/paatokset\/\",\"url\":\"https:\/\/pihtiputaankalatalousalue.fi\/alvajarvi\/paatokset\/\",\"name\":\"P\u00e4\u00e4t\u00f6kset - Alvaj\u00e4rven osakaskunta\",\"isPartOf\":{\"@id\":\"https:\/\/pihtiputaankalatalousalue.fi\/alvajarvi\/#website\"},\"datePublished\":\"2020-10-29T09:51:51+00:00\",\"dateModified\":\"2025-12-31T11:35:23+00:00\",\"breadcrumb\":{\"@id\":\"https:\/\/pihtiputaankalatalousalue.fi\/alvajarvi\/paatokset\/#breadcrumb\"},\"inLanguage\":\"fi\",\"potentialAction\":[{\"@type\":\"ReadAction\",\"target\":[\"https:\/\/pihtiputaankalatalousalue.fi\/alvajarvi\/paatokset\/\"]}]},{\"@type\":\"BreadcrumbList\",\"@id\":\"https:\/\/pihtiputaankalatalousalue.fi\/alvajarvi\/paatokset\/#breadcrumb\",\"itemListElement\":[{\"@type\":\"ListItem\",\"position\":1,\"name\":\"Home\",\"item\":\"https:\/\/pihtiputaankalatalousalue.fi\/alvajarvi\/\"},{\"@type\":\"ListItem\",\"position\":2,\"name\":\"P\u00e4\u00e4t\u00f6kset\"}]},{\"@type\":\"WebSite\",\"@id\":\"https:\/\/pihtiputaankalatalousalue.fi\/alvajarvi\/#website\",\"url\":\"https:\/\/pihtiputaankalatalousalue.fi\/alvajarvi\/\",\"name\":\"Alvaj\u00e4rven osakaskunta\",\"description\":\"\",\"potentialAction\":[{\"@type\":\"SearchAction\",\"target\":{\"@type\":\"EntryPoint\",\"urlTemplate\":\"https:\/\/pihtiputaankalatalousalue.fi\/alvajarvi\/?s={search_term_string}\"},\"query-input\":{\"@type\":\"PropertyValueSpecification\",\"valueRequired\":true,\"valueName\":\"search_term_string\"}}],\"inLanguage\":\"fi\"}]}<\/script>\n<!-- \/ Yoast SEO plugin. -->","yoast_head_json":{"title":"P\u00e4\u00e4t\u00f6kset - Alvaj\u00e4rven osakaskunta","robots":{"index":"index","follow":"follow","max-snippet":"max-snippet:-1","max-image-preview":"max-image-preview:large","max-video-preview":"max-video-preview:-1"},"canonical":"https:\/\/pihtiputaankalatalousalue.fi\/alvajarvi\/paatokset\/","og_locale":"fi_FI","og_type":"article","og_title":"P\u00e4\u00e4t\u00f6kset - Alvaj\u00e4rven osakaskunta","og_description":"Rajoitukset Jokisuut rauhoitettu verkkopyynnilt\u00e4 j\u00e4iden l\u00e4ht\u00f6\u00f6n saakka. Rekolanlahden keskiv\u00e4yl\u00e4st\u00e4 1\/3 osa verkkopyynnilt\u00e4 koko kauden.Autionjoen koskialue v\u00e4lill\u00e4 Aution silta \u2013 Reisj\u00e4rventien silta pyynti sallittu vain katiskalla verkkopyynti kielletty koko joki alueella.Verkon pienin silm\u00e4koko selk\u00e4vesill\u00e4 55 mm pois lukien muikkuverkot.Verkot merkitt\u00e4v\u00e4 virallisilla lippumerkeill\u00e4, katiska n\u00e4kyvill\u00e4 kohoilla, pyydysmerkin tulee olla n\u00e4kyvill\u00e4 pyydyksiss\u00e4, vaajoilla pyyntipaikan varaaminen kielletty.","og_url":"https:\/\/pihtiputaankalatalousalue.fi\/alvajarvi\/paatokset\/","og_site_name":"Alvaj\u00e4rven osakaskunta","article_modified_time":"2025-12-31T11:35:23+00:00","twitter_card":"summary_large_image","twitter_misc":{"Arvioitu lukuaika":"1 minuutti"},"schema":{"@context":"https:\/\/schema.org","@graph":[{"@type":"WebPage","@id":"https:\/\/pihtiputaankalatalousalue.fi\/alvajarvi\/paatokset\/","url":"https:\/\/pihtiputaankalatalousalue.fi\/alvajarvi\/paatokset\/","name":"P\u00e4\u00e4t\u00f6kset - Alvaj\u00e4rven osakaskunta","isPartOf":{"@id":"https:\/\/pihtiputaankalatalousalue.fi\/alvajarvi\/#website"},"datePublished":"2020-10-29T09:51:51+00:00","dateModified":"2025-12-31T11:35:23+00:00","breadcrumb":{"@id":"https:\/\/pihtiputaankalatalousalue.fi\/alvajarvi\/paatokset\/#breadcrumb"},"inLanguage":"fi","potentialAction":[{"@type":"ReadAction","target":["https:\/\/pihtiputaankalatalousalue.fi\/alvajarvi\/paatokset\/"]}]},{"@type":"BreadcrumbList","@id":"https:\/\/pihtiputaankalatalousalue.fi\/alvajarvi\/paatokset\/#breadcrumb","itemListElement":[{"@type":"ListItem","position":1,"name":"Home","item":"https:\/\/pihtiputaankalatalousalue.fi\/alvajarvi\/"},{"@type":"ListItem","position":2,"name":"P\u00e4\u00e4t\u00f6kset"}]},{"@type":"WebSite","@id":"https:\/\/pihtiputaankalatalousalue.fi\/alvajarvi\/#website","url":"https:\/\/pihtiputaankalatalousalue.fi\/alvajarvi\/","name":"Alvaj\u00e4rven osakaskunta","description":"","potentialAction":[{"@type":"SearchAction","target":{"@type":"EntryPoint","urlTemplate":"https:\/\/pihtiputaankalatalousalue.fi\/alvajarvi\/?s={search_term_string}"},"query-input":{"@type":"PropertyValueSpecification","valueRequired":true,"valueName":"search_term_string"}}],"inLanguage":"fi"}]}},"_links":{"self":[{"href":"https:\/\/pihtiputaankalatalousalue.fi\/alvajarvi\/wp-json\/wp\/v2\/pages\/49","targetHints":{"allow":["GET"]}}],"collection":[{"href":"https:\/\/pihtiputaankalatalousalue.fi\/alvajarvi\/wp-json\/wp\/v2\/pages"}],"about":[{"href":"https:\/\/pihtiputaankalatalousalue.fi\/alvajarvi\/wp-json\/wp\/v2\/types\/page"}],"author":[{"embeddable":true,"href":"https:\/\/pihtiputaankalatalousalue.fi\/alvajarvi\/wp-json\/wp\/v2\/users\/1"}],"replies":[{"embeddable":true,"href":"https:\/\/pihtiputaankalatalousalue.fi\/alvajarvi\/wp-json\/wp\/v2\/comments?post=49"}],"version-history":[{"count":8,"href":"https:\/\/pihtiputaankalatalousalue.fi\/alvajarvi\/wp-json\/wp\/v2\/pages\/49\/revisions"}],"predecessor-version":[{"id":420,"href":"https:\/\/pihtiputaankalatalousalue.fi\/alvajarvi\/wp-json\/wp\/v2\/pages\/49\/revisions\/420"}],"wp:attachment":[{"href":"https:\/\/pihtiputaankalatalousalue.fi\/alvajarvi\/wp-json\/wp\/v2\/media?parent=49"}],"curies":[{"name":"wp","href":"https:\/\/api.w.org\/{rel}","templated":true}]}}