{"id":86,"date":"2020-10-29T11:39:36","date_gmt":"2020-10-29T09:39:36","guid":{"rendered":"http:\/\/89.166.51.80\/~pohjoispaij\/ahtola\/?page_id=86"},"modified":"2025-12-31T09:37:25","modified_gmt":"2025-12-31T07:37:25","slug":"lupamaksut-ja-ohjeet","status":"publish","type":"page","link":"https:\/\/pihtiputaankalatalousalue.fi\/alvajarvi\/luvat\/lupamaksut-ja-ohjeet\/","title":{"rendered":"Lupamaksut ja ohjeet"},"content":{"rendered":"\n<h2 class=\"wp-block-heading\">Lupamaksut ja ohjeet<\/h2>\n\n\n\n<h4 class=\"wp-block-heading\">Osakkaat<\/h4>\n\n\n\n<p>Verkko 3 euroa maksimi 10 verkkoa\/osakas<br>verkon koko 3m X 30m<br>Katiska, rys\u00e4, pitk\u00e4siima 1 euro kappale ei rajoituksia.<br>Iskukoukku 1 euro maksimi 20 kappaletta\/ osakas.<br>Nuotta, avorys\u00e4 34 euroa \/ kappale \/ vuosi.<br>Veto- ja heittouistelu 4 euroa \/ kausi.<\/p>\n\n\n\n<h4 class=\"wp-block-heading\">Ei osakas joka ei asu Alvaj\u00e4rven kyl\u00e4ll\u00e4<\/h4>\n\n\n\n<p>Perusmaksu 15 euroa lis\u00e4ksi pyydysmerkki maksu 3 euroa \/ pyydys maksimi 5 verkkoa, 1 euro \/ pyydys maksimi 5 katiskaa.<\/p>\n\n\n\n<p>Veto- \/ heittouistelu 3 euroa vuorokausi 10 euroa vuosi lupa venekuntakohtainen 6 vavan ja vieheen rajoitus.<br>Nuotta perusmaksu 15 euroa + pyydysmaksu 50 euroa vuosi.<br>Karhulanlupa 25 euroa sis\u00e4lt\u00e4\u00e4 10 verkkoa 5 katiskaa ja uisteluluvan.<\/p>\n\n\n\n<p><\/p>\n","protected":false},"excerpt":{"rendered":"<p>Lupamaksut ja ohjeet Osakkaat Verkko 3 euroa maksimi 10 verkkoa\/osakasverkon koko 3m X 30mKatiska, rys\u00e4, pitk\u00e4siima 1 euro kappale ei rajoituksia.Iskukoukku 1 euro maksimi 20 kappaletta\/ osakas.Nuotta, avorys\u00e4 34 euroa \/ kappale \/ vuosi.Veto- ja heittouistelu 4 euroa \/ kausi. Ei osakas joka ei asu Alvaj\u00e4rven kyl\u00e4ll\u00e4 Perusmaksu 15 euroa lis\u00e4ksi pyydysmerkki maksu 3 euroa<\/p>\n<p><a class=\"moretag\" href=\"https:\/\/pihtiputaankalatalousalue.fi\/alvajarvi\/luvat\/lupamaksut-ja-ohjeet\/\"> Lue lis\u00e4\u00e4 ><\/a><\/p>\n","protected":false},"author":1,"featured_media":0,"parent":45,"menu_order":0,"comment_status":"closed","ping_status":"closed","template":"basic-sivu.php","meta":{"_acf_changed":false,"footnotes":""},"class_list":["post-86","page","type-page","status-publish","hentry"],"acf":[],"yoast_head":"<!-- This site is optimized with the Yoast SEO plugin v27.1.1 - https:\/\/yoast.com\/product\/yoast-seo-wordpress\/ -->\n<title>Lupamaksut ja ohjeet - Alvaj\u00e4rven osakaskunta<\/title>\n<meta name=\"robots\" content=\"index, follow, max-snippet:-1, max-image-preview:large, max-video-preview:-1\" \/>\n<link rel=\"canonical\" href=\"https:\/\/pihtiputaankalatalousalue.fi\/alvajarvi\/luvat\/lupamaksut-ja-ohjeet\/\" \/>\n<meta property=\"og:locale\" content=\"fi_FI\" \/>\n<meta property=\"og:type\" content=\"article\" \/>\n<meta property=\"og:title\" content=\"Lupamaksut ja ohjeet - Alvaj\u00e4rven osakaskunta\" \/>\n<meta property=\"og:description\" content=\"Lupamaksut ja ohjeet Osakkaat Verkko 3 euroa maksimi 10 verkkoa\/osakasverkon koko 3m X 30mKatiska, rys\u00e4, pitk\u00e4siima 1 euro kappale ei rajoituksia.Iskukoukku 1 euro maksimi 20 kappaletta\/ osakas.Nuotta, avorys\u00e4 34 euroa \/ kappale \/ vuosi.Veto- ja heittouistelu 4 euroa \/ kausi. Ei osakas joka ei asu Alvaj\u00e4rven kyl\u00e4ll\u00e4 Perusmaksu 15 euroa lis\u00e4ksi pyydysmerkki maksu 3 euroa Lue lis\u00e4\u00e4 &gt;\" \/>\n<meta property=\"og:url\" content=\"https:\/\/pihtiputaankalatalousalue.fi\/alvajarvi\/luvat\/lupamaksut-ja-ohjeet\/\" \/>\n<meta property=\"og:site_name\" content=\"Alvaj\u00e4rven osakaskunta\" \/>\n<meta property=\"article:modified_time\" content=\"2025-12-31T07:37:25+00:00\" \/>\n<meta name=\"twitter:card\" content=\"summary_large_image\" \/>\n<meta name=\"twitter:label1\" content=\"Arvioitu lukuaika\" \/>\n\t<meta name=\"twitter:data1\" content=\"1 minuutti\" \/>\n<script type=\"application\/ld+json\" class=\"yoast-schema-graph\">{\"@context\":\"https:\/\/schema.org\",\"@graph\":[{\"@type\":\"WebPage\",\"@id\":\"https:\/\/pihtiputaankalatalousalue.fi\/alvajarvi\/luvat\/lupamaksut-ja-ohjeet\/\",\"url\":\"https:\/\/pihtiputaankalatalousalue.fi\/alvajarvi\/luvat\/lupamaksut-ja-ohjeet\/\",\"name\":\"Lupamaksut ja ohjeet - Alvaj\u00e4rven osakaskunta\",\"isPartOf\":{\"@id\":\"https:\/\/pihtiputaankalatalousalue.fi\/alvajarvi\/#website\"},\"datePublished\":\"2020-10-29T09:39:36+00:00\",\"dateModified\":\"2025-12-31T07:37:25+00:00\",\"breadcrumb\":{\"@id\":\"https:\/\/pihtiputaankalatalousalue.fi\/alvajarvi\/luvat\/lupamaksut-ja-ohjeet\/#breadcrumb\"},\"inLanguage\":\"fi\",\"potentialAction\":[{\"@type\":\"ReadAction\",\"target\":[\"https:\/\/pihtiputaankalatalousalue.fi\/alvajarvi\/luvat\/lupamaksut-ja-ohjeet\/\"]}]},{\"@type\":\"BreadcrumbList\",\"@id\":\"https:\/\/pihtiputaankalatalousalue.fi\/alvajarvi\/luvat\/lupamaksut-ja-ohjeet\/#breadcrumb\",\"itemListElement\":[{\"@type\":\"ListItem\",\"position\":1,\"name\":\"Home\",\"item\":\"https:\/\/pihtiputaankalatalousalue.fi\/alvajarvi\/\"},{\"@type\":\"ListItem\",\"position\":2,\"name\":\"Yksityinen: Luvat\",\"item\":\"https:\/\/pihtiputaankalatalousalue.fi\/alvajarvi\/?page_id=45\"},{\"@type\":\"ListItem\",\"position\":3,\"name\":\"Lupamaksut ja ohjeet\"}]},{\"@type\":\"WebSite\",\"@id\":\"https:\/\/pihtiputaankalatalousalue.fi\/alvajarvi\/#website\",\"url\":\"https:\/\/pihtiputaankalatalousalue.fi\/alvajarvi\/\",\"name\":\"Alvaj\u00e4rven osakaskunta\",\"description\":\"\",\"potentialAction\":[{\"@type\":\"SearchAction\",\"target\":{\"@type\":\"EntryPoint\",\"urlTemplate\":\"https:\/\/pihtiputaankalatalousalue.fi\/alvajarvi\/?s={search_term_string}\"},\"query-input\":{\"@type\":\"PropertyValueSpecification\",\"valueRequired\":true,\"valueName\":\"search_term_string\"}}],\"inLanguage\":\"fi\"}]}<\/script>\n<!-- \/ Yoast SEO plugin. -->","yoast_head_json":{"title":"Lupamaksut ja ohjeet - Alvaj\u00e4rven osakaskunta","robots":{"index":"index","follow":"follow","max-snippet":"max-snippet:-1","max-image-preview":"max-image-preview:large","max-video-preview":"max-video-preview:-1"},"canonical":"https:\/\/pihtiputaankalatalousalue.fi\/alvajarvi\/luvat\/lupamaksut-ja-ohjeet\/","og_locale":"fi_FI","og_type":"article","og_title":"Lupamaksut ja ohjeet - Alvaj\u00e4rven osakaskunta","og_description":"Lupamaksut ja ohjeet Osakkaat Verkko 3 euroa maksimi 10 verkkoa\/osakasverkon koko 3m X 30mKatiska, rys\u00e4, pitk\u00e4siima 1 euro kappale ei rajoituksia.Iskukoukku 1 euro maksimi 20 kappaletta\/ osakas.Nuotta, avorys\u00e4 34 euroa \/ kappale \/ vuosi.Veto- ja heittouistelu 4 euroa \/ kausi. Ei osakas joka ei asu Alvaj\u00e4rven kyl\u00e4ll\u00e4 Perusmaksu 15 euroa lis\u00e4ksi pyydysmerkki maksu 3 euroa Lue lis\u00e4\u00e4 >","og_url":"https:\/\/pihtiputaankalatalousalue.fi\/alvajarvi\/luvat\/lupamaksut-ja-ohjeet\/","og_site_name":"Alvaj\u00e4rven osakaskunta","article_modified_time":"2025-12-31T07:37:25+00:00","twitter_card":"summary_large_image","twitter_misc":{"Arvioitu lukuaika":"1 minuutti"},"schema":{"@context":"https:\/\/schema.org","@graph":[{"@type":"WebPage","@id":"https:\/\/pihtiputaankalatalousalue.fi\/alvajarvi\/luvat\/lupamaksut-ja-ohjeet\/","url":"https:\/\/pihtiputaankalatalousalue.fi\/alvajarvi\/luvat\/lupamaksut-ja-ohjeet\/","name":"Lupamaksut ja ohjeet - Alvaj\u00e4rven osakaskunta","isPartOf":{"@id":"https:\/\/pihtiputaankalatalousalue.fi\/alvajarvi\/#website"},"datePublished":"2020-10-29T09:39:36+00:00","dateModified":"2025-12-31T07:37:25+00:00","breadcrumb":{"@id":"https:\/\/pihtiputaankalatalousalue.fi\/alvajarvi\/luvat\/lupamaksut-ja-ohjeet\/#breadcrumb"},"inLanguage":"fi","potentialAction":[{"@type":"ReadAction","target":["https:\/\/pihtiputaankalatalousalue.fi\/alvajarvi\/luvat\/lupamaksut-ja-ohjeet\/"]}]},{"@type":"BreadcrumbList","@id":"https:\/\/pihtiputaankalatalousalue.fi\/alvajarvi\/luvat\/lupamaksut-ja-ohjeet\/#breadcrumb","itemListElement":[{"@type":"ListItem","position":1,"name":"Home","item":"https:\/\/pihtiputaankalatalousalue.fi\/alvajarvi\/"},{"@type":"ListItem","position":2,"name":"Yksityinen: Luvat","item":"https:\/\/pihtiputaankalatalousalue.fi\/alvajarvi\/?page_id=45"},{"@type":"ListItem","position":3,"name":"Lupamaksut ja ohjeet"}]},{"@type":"WebSite","@id":"https:\/\/pihtiputaankalatalousalue.fi\/alvajarvi\/#website","url":"https:\/\/pihtiputaankalatalousalue.fi\/alvajarvi\/","name":"Alvaj\u00e4rven osakaskunta","description":"","potentialAction":[{"@type":"SearchAction","target":{"@type":"EntryPoint","urlTemplate":"https:\/\/pihtiputaankalatalousalue.fi\/alvajarvi\/?s={search_term_string}"},"query-input":{"@type":"PropertyValueSpecification","valueRequired":true,"valueName":"search_term_string"}}],"inLanguage":"fi"}]}},"_links":{"self":[{"href":"https:\/\/pihtiputaankalatalousalue.fi\/alvajarvi\/wp-json\/wp\/v2\/pages\/86","targetHints":{"allow":["GET"]}}],"collection":[{"href":"https:\/\/pihtiputaankalatalousalue.fi\/alvajarvi\/wp-json\/wp\/v2\/pages"}],"about":[{"href":"https:\/\/pihtiputaankalatalousalue.fi\/alvajarvi\/wp-json\/wp\/v2\/types\/page"}],"author":[{"embeddable":true,"href":"https:\/\/pihtiputaankalatalousalue.fi\/alvajarvi\/wp-json\/wp\/v2\/users\/1"}],"replies":[{"embeddable":true,"href":"https:\/\/pihtiputaankalatalousalue.fi\/alvajarvi\/wp-json\/wp\/v2\/comments?post=86"}],"version-history":[{"count":11,"href":"https:\/\/pihtiputaankalatalousalue.fi\/alvajarvi\/wp-json\/wp\/v2\/pages\/86\/revisions"}],"predecessor-version":[{"id":418,"href":"https:\/\/pihtiputaankalatalousalue.fi\/alvajarvi\/wp-json\/wp\/v2\/pages\/86\/revisions\/418"}],"up":[{"embeddable":true,"href":"https:\/\/pihtiputaankalatalousalue.fi\/alvajarvi\/wp-json\/wp\/v2\/pages\/45"}],"wp:attachment":[{"href":"https:\/\/pihtiputaankalatalousalue.fi\/alvajarvi\/wp-json\/wp\/v2\/media?parent=86"}],"curies":[{"name":"wp","href":"https:\/\/api.w.org\/{rel}","templated":true}]}}