{"id":26,"date":"2020-10-29T08:31:59","date_gmt":"2020-10-29T08:31:59","guid":{"rendered":"http:\/\/89.166.51.80\/~pohjoispaij\/ahtola\/?page_id=26"},"modified":"2025-05-05T11:29:22","modified_gmt":"2025-05-05T08:29:22","slug":"tiedot","status":"publish","type":"page","link":"https:\/\/pihtiputaankalatalousalue.fi\/kolima\/tiedot\/","title":{"rendered":"Tiedot"},"content":{"rendered":"\n<h2 class=\"wp-block-heading\">Yhteystiedot<\/h2>\n\n\n\n<h3 class=\"wp-block-heading\">Puheenjohtaja<\/h3>\n\n\n\n<p>Jouni Suvanto, 0400727258,&nbsp;<a href=\"mailto:jouni@kinn-pine.fi\">jouni@kinn-pine.fi<\/a><\/p>\n\n\n\n<p>Pasalantie 910<br>44610 K\u00e4\u00e4rn\u00e4<\/p>\n\n\n\n<h2 class=\"wp-block-heading\">Sijainti<\/h2>\n\n\n","protected":false},"excerpt":{"rendered":"<p>Yhteystiedot Puheenjohtaja Jouni Suvanto, 0400727258,&nbsp;jouni@kinn-pine.fi Pasalantie 91044610 K\u00e4\u00e4rn\u00e4 Sijainti<\/p>\n","protected":false},"author":1,"featured_media":0,"parent":0,"menu_order":0,"comment_status":"closed","ping_status":"closed","template":"basic-sivu.php","meta":{"_acf_changed":false,"footnotes":""},"class_list":["post-26","page","type-page","status-publish","hentry"],"acf":[],"yoast_head":"<!-- This site is optimized with the Yoast SEO plugin v27.1.1 - https:\/\/yoast.com\/product\/yoast-seo-wordpress\/ -->\n<title>Tiedot - Koliman osakaskunta<\/title>\n<meta name=\"robots\" content=\"index, follow, max-snippet:-1, max-image-preview:large, max-video-preview:-1\" \/>\n<link rel=\"canonical\" href=\"https:\/\/pihtiputaankalatalousalue.fi\/kolima\/tiedot\/\" \/>\n<meta property=\"og:locale\" content=\"fi_FI\" \/>\n<meta property=\"og:type\" content=\"article\" \/>\n<meta property=\"og:title\" content=\"Tiedot - Koliman osakaskunta\" \/>\n<meta property=\"og:description\" content=\"Yhteystiedot Puheenjohtaja Jouni Suvanto, 0400727258,&nbsp;jouni@kinn-pine.fi Pasalantie 91044610 K\u00e4\u00e4rn\u00e4 Sijainti\" \/>\n<meta property=\"og:url\" content=\"https:\/\/pihtiputaankalatalousalue.fi\/kolima\/tiedot\/\" \/>\n<meta property=\"og:site_name\" content=\"Koliman osakaskunta\" \/>\n<meta property=\"article:modified_time\" content=\"2025-05-05T08:29:22+00:00\" \/>\n<meta name=\"twitter:card\" content=\"summary_large_image\" \/>\n<script type=\"application\/ld+json\" class=\"yoast-schema-graph\">{\"@context\":\"https:\/\/schema.org\",\"@graph\":[{\"@type\":\"WebPage\",\"@id\":\"https:\/\/pihtiputaankalatalousalue.fi\/kolima\/tiedot\/\",\"url\":\"https:\/\/pihtiputaankalatalousalue.fi\/kolima\/tiedot\/\",\"name\":\"Tiedot - Koliman osakaskunta\",\"isPartOf\":{\"@id\":\"https:\/\/pihtiputaankalatalousalue.fi\/kolima\/#website\"},\"datePublished\":\"2020-10-29T08:31:59+00:00\",\"dateModified\":\"2025-05-05T08:29:22+00:00\",\"breadcrumb\":{\"@id\":\"https:\/\/pihtiputaankalatalousalue.fi\/kolima\/tiedot\/#breadcrumb\"},\"inLanguage\":\"fi\",\"potentialAction\":[{\"@type\":\"ReadAction\",\"target\":[\"https:\/\/pihtiputaankalatalousalue.fi\/kolima\/tiedot\/\"]}]},{\"@type\":\"BreadcrumbList\",\"@id\":\"https:\/\/pihtiputaankalatalousalue.fi\/kolima\/tiedot\/#breadcrumb\",\"itemListElement\":[{\"@type\":\"ListItem\",\"position\":1,\"name\":\"Home\",\"item\":\"https:\/\/pihtiputaankalatalousalue.fi\/kolima\/\"},{\"@type\":\"ListItem\",\"position\":2,\"name\":\"Tiedot\"}]},{\"@type\":\"WebSite\",\"@id\":\"https:\/\/pihtiputaankalatalousalue.fi\/kolima\/#website\",\"url\":\"https:\/\/pihtiputaankalatalousalue.fi\/kolima\/\",\"name\":\"Koliman osakaskunta\",\"description\":\"\",\"potentialAction\":[{\"@type\":\"SearchAction\",\"target\":{\"@type\":\"EntryPoint\",\"urlTemplate\":\"https:\/\/pihtiputaankalatalousalue.fi\/kolima\/?s={search_term_string}\"},\"query-input\":{\"@type\":\"PropertyValueSpecification\",\"valueRequired\":true,\"valueName\":\"search_term_string\"}}],\"inLanguage\":\"fi\"}]}<\/script>\n<!-- \/ Yoast SEO plugin. -->","yoast_head_json":{"title":"Tiedot - Koliman osakaskunta","robots":{"index":"index","follow":"follow","max-snippet":"max-snippet:-1","max-image-preview":"max-image-preview:large","max-video-preview":"max-video-preview:-1"},"canonical":"https:\/\/pihtiputaankalatalousalue.fi\/kolima\/tiedot\/","og_locale":"fi_FI","og_type":"article","og_title":"Tiedot - Koliman osakaskunta","og_description":"Yhteystiedot Puheenjohtaja Jouni Suvanto, 0400727258,&nbsp;jouni@kinn-pine.fi Pasalantie 91044610 K\u00e4\u00e4rn\u00e4 Sijainti","og_url":"https:\/\/pihtiputaankalatalousalue.fi\/kolima\/tiedot\/","og_site_name":"Koliman osakaskunta","article_modified_time":"2025-05-05T08:29:22+00:00","twitter_card":"summary_large_image","schema":{"@context":"https:\/\/schema.org","@graph":[{"@type":"WebPage","@id":"https:\/\/pihtiputaankalatalousalue.fi\/kolima\/tiedot\/","url":"https:\/\/pihtiputaankalatalousalue.fi\/kolima\/tiedot\/","name":"Tiedot - Koliman osakaskunta","isPartOf":{"@id":"https:\/\/pihtiputaankalatalousalue.fi\/kolima\/#website"},"datePublished":"2020-10-29T08:31:59+00:00","dateModified":"2025-05-05T08:29:22+00:00","breadcrumb":{"@id":"https:\/\/pihtiputaankalatalousalue.fi\/kolima\/tiedot\/#breadcrumb"},"inLanguage":"fi","potentialAction":[{"@type":"ReadAction","target":["https:\/\/pihtiputaankalatalousalue.fi\/kolima\/tiedot\/"]}]},{"@type":"BreadcrumbList","@id":"https:\/\/pihtiputaankalatalousalue.fi\/kolima\/tiedot\/#breadcrumb","itemListElement":[{"@type":"ListItem","position":1,"name":"Home","item":"https:\/\/pihtiputaankalatalousalue.fi\/kolima\/"},{"@type":"ListItem","position":2,"name":"Tiedot"}]},{"@type":"WebSite","@id":"https:\/\/pihtiputaankalatalousalue.fi\/kolima\/#website","url":"https:\/\/pihtiputaankalatalousalue.fi\/kolima\/","name":"Koliman osakaskunta","description":"","potentialAction":[{"@type":"SearchAction","target":{"@type":"EntryPoint","urlTemplate":"https:\/\/pihtiputaankalatalousalue.fi\/kolima\/?s={search_term_string}"},"query-input":{"@type":"PropertyValueSpecification","valueRequired":true,"valueName":"search_term_string"}}],"inLanguage":"fi"}]}},"_links":{"self":[{"href":"https:\/\/pihtiputaankalatalousalue.fi\/kolima\/wp-json\/wp\/v2\/pages\/26","targetHints":{"allow":["GET"]}}],"collection":[{"href":"https:\/\/pihtiputaankalatalousalue.fi\/kolima\/wp-json\/wp\/v2\/pages"}],"about":[{"href":"https:\/\/pihtiputaankalatalousalue.fi\/kolima\/wp-json\/wp\/v2\/types\/page"}],"author":[{"embeddable":true,"href":"https:\/\/pihtiputaankalatalousalue.fi\/kolima\/wp-json\/wp\/v2\/users\/1"}],"replies":[{"embeddable":true,"href":"https:\/\/pihtiputaankalatalousalue.fi\/kolima\/wp-json\/wp\/v2\/comments?post=26"}],"version-history":[{"count":7,"href":"https:\/\/pihtiputaankalatalousalue.fi\/kolima\/wp-json\/wp\/v2\/pages\/26\/revisions"}],"predecessor-version":[{"id":431,"href":"https:\/\/pihtiputaankalatalousalue.fi\/kolima\/wp-json\/wp\/v2\/pages\/26\/revisions\/431"}],"wp:attachment":[{"href":"https:\/\/pihtiputaankalatalousalue.fi\/kolima\/wp-json\/wp\/v2\/media?parent=26"}],"curies":[{"name":"wp","href":"https:\/\/api.w.org\/{rel}","templated":true}]}}