{"id":86,"date":"2020-10-29T11:39:36","date_gmt":"2020-10-29T09:39:36","guid":{"rendered":"http:\/\/89.166.51.80\/~pohjoispaij\/ahtola\/?page_id=86"},"modified":"2025-12-31T09:10:35","modified_gmt":"2025-12-31T07:10:35","slug":"lupamaksut-ja-ohjeet","status":"publish","type":"page","link":"https:\/\/pihtiputaankalatalousalue.fi\/muurasjarvi\/luvat\/lupamaksut-ja-ohjeet\/","title":{"rendered":"Lupamaksut ja ohjeet"},"content":{"rendered":"\n<h2 class=\"wp-block-heading\">Lupamaksut ja ohjeet<\/h2>\n\n\n\n<h3 class=\"wp-block-heading\">Pyydysmaksut osakkaat<\/h3>\n\n\n\n<p>Merkkien hinnat : Osakkaat 4\u20ac \/ merkki enint\u00e4\u00e4n 8 verkkoa pyynniss\u00e4<\/p>\n\n\n\n<p>Ei vesialueen omistajat verkkomerkin hinta 8 \u20ac kpl.<\/p>\n\n\n\n<p>Verkko, rys\u00e4, ja pitk\u00e4siima merkki hinta 4 euroa kappale enint\u00e4\u00e4n 10 verkkoa \/ osakas kerralla pyynniss\u00e4.<\/p>\n\n\n\n<p>Katiska ja koukku ei lupamaksua.<br>Uistelulupa 2 euroa ei vapa rajoitusta.<\/p>\n\n\n\n<p>Vieras (ei osuutta yhteisiin alueisiin):<\/p>\n\n\n\n<p>Uistelulupa 25 euroa venekunta ei vaparajoitusta.<\/p>\n\n\n\n<p><\/p>\n","protected":false},"excerpt":{"rendered":"<p>Lupamaksut ja ohjeet Pyydysmaksut osakkaat Merkkien hinnat : Osakkaat 4\u20ac \/ merkki enint\u00e4\u00e4n 8 verkkoa pyynniss\u00e4 Ei vesialueen omistajat verkkomerkin hinta 8 \u20ac kpl. Verkko, rys\u00e4, ja pitk\u00e4siima merkki hinta 4 euroa kappale enint\u00e4\u00e4n 10 verkkoa \/ osakas kerralla pyynniss\u00e4. Katiska ja koukku ei lupamaksua.Uistelulupa 2 euroa ei vapa rajoitusta. Vieras (ei osuutta yhteisiin alueisiin):<\/p>\n<p><a class=\"moretag\" href=\"https:\/\/pihtiputaankalatalousalue.fi\/muurasjarvi\/luvat\/lupamaksut-ja-ohjeet\/\"> Lue lis\u00e4\u00e4 ><\/a><\/p>\n","protected":false},"author":1,"featured_media":0,"parent":45,"menu_order":0,"comment_status":"closed","ping_status":"closed","template":"basic-sivu.php","meta":{"_acf_changed":false,"footnotes":""},"class_list":["post-86","page","type-page","status-publish","hentry"],"acf":[],"yoast_head":"<!-- This site is optimized with the Yoast SEO plugin v27.1.1 - https:\/\/yoast.com\/product\/yoast-seo-wordpress\/ -->\n<title>Lupamaksut ja ohjeet - Muurasj\u00e4rven osakaskunta<\/title>\n<meta name=\"robots\" content=\"index, follow, max-snippet:-1, max-image-preview:large, max-video-preview:-1\" \/>\n<link rel=\"canonical\" href=\"https:\/\/pihtiputaankalatalousalue.fi\/muurasjarvi\/luvat\/lupamaksut-ja-ohjeet\/\" \/>\n<meta property=\"og:locale\" content=\"fi_FI\" \/>\n<meta property=\"og:type\" content=\"article\" \/>\n<meta property=\"og:title\" content=\"Lupamaksut ja ohjeet - Muurasj\u00e4rven osakaskunta\" \/>\n<meta property=\"og:description\" content=\"Lupamaksut ja ohjeet Pyydysmaksut osakkaat Merkkien hinnat : Osakkaat 4\u20ac \/ merkki enint\u00e4\u00e4n 8 verkkoa pyynniss\u00e4 Ei vesialueen omistajat verkkomerkin hinta 8 \u20ac kpl. Verkko, rys\u00e4, ja pitk\u00e4siima merkki hinta 4 euroa kappale enint\u00e4\u00e4n 10 verkkoa \/ osakas kerralla pyynniss\u00e4. Katiska ja koukku ei lupamaksua.Uistelulupa 2 euroa ei vapa rajoitusta. Vieras (ei osuutta yhteisiin alueisiin): Lue lis\u00e4\u00e4 &gt;\" \/>\n<meta property=\"og:url\" content=\"https:\/\/pihtiputaankalatalousalue.fi\/muurasjarvi\/luvat\/lupamaksut-ja-ohjeet\/\" \/>\n<meta property=\"og:site_name\" content=\"Muurasj\u00e4rven osakaskunta\" \/>\n<meta property=\"article:modified_time\" content=\"2025-12-31T07:10:35+00:00\" \/>\n<meta name=\"twitter:card\" content=\"summary_large_image\" \/>\n<meta name=\"twitter:label1\" content=\"Arvioitu lukuaika\" \/>\n\t<meta name=\"twitter:data1\" content=\"1 minuutti\" \/>\n<script type=\"application\/ld+json\" class=\"yoast-schema-graph\">{\"@context\":\"https:\/\/schema.org\",\"@graph\":[{\"@type\":\"WebPage\",\"@id\":\"https:\/\/pihtiputaankalatalousalue.fi\/muurasjarvi\/luvat\/lupamaksut-ja-ohjeet\/\",\"url\":\"https:\/\/pihtiputaankalatalousalue.fi\/muurasjarvi\/luvat\/lupamaksut-ja-ohjeet\/\",\"name\":\"Lupamaksut ja ohjeet - Muurasj\u00e4rven osakaskunta\",\"isPartOf\":{\"@id\":\"https:\/\/pihtiputaankalatalousalue.fi\/muurasjarvi\/#website\"},\"datePublished\":\"2020-10-29T09:39:36+00:00\",\"dateModified\":\"2025-12-31T07:10:35+00:00\",\"breadcrumb\":{\"@id\":\"https:\/\/pihtiputaankalatalousalue.fi\/muurasjarvi\/luvat\/lupamaksut-ja-ohjeet\/#breadcrumb\"},\"inLanguage\":\"fi\",\"potentialAction\":[{\"@type\":\"ReadAction\",\"target\":[\"https:\/\/pihtiputaankalatalousalue.fi\/muurasjarvi\/luvat\/lupamaksut-ja-ohjeet\/\"]}]},{\"@type\":\"BreadcrumbList\",\"@id\":\"https:\/\/pihtiputaankalatalousalue.fi\/muurasjarvi\/luvat\/lupamaksut-ja-ohjeet\/#breadcrumb\",\"itemListElement\":[{\"@type\":\"ListItem\",\"position\":1,\"name\":\"Home\",\"item\":\"https:\/\/pihtiputaankalatalousalue.fi\/muurasjarvi\/\"},{\"@type\":\"ListItem\",\"position\":2,\"name\":\"Yksityinen: Luvat\",\"item\":\"https:\/\/pihtiputaankalatalousalue.fi\/muurasjarvi\/?page_id=45\"},{\"@type\":\"ListItem\",\"position\":3,\"name\":\"Lupamaksut ja ohjeet\"}]},{\"@type\":\"WebSite\",\"@id\":\"https:\/\/pihtiputaankalatalousalue.fi\/muurasjarvi\/#website\",\"url\":\"https:\/\/pihtiputaankalatalousalue.fi\/muurasjarvi\/\",\"name\":\"Muurasj\u00e4rven osakaskunta\",\"description\":\"\",\"potentialAction\":[{\"@type\":\"SearchAction\",\"target\":{\"@type\":\"EntryPoint\",\"urlTemplate\":\"https:\/\/pihtiputaankalatalousalue.fi\/muurasjarvi\/?s={search_term_string}\"},\"query-input\":{\"@type\":\"PropertyValueSpecification\",\"valueRequired\":true,\"valueName\":\"search_term_string\"}}],\"inLanguage\":\"fi\"}]}<\/script>\n<!-- \/ Yoast SEO plugin. -->","yoast_head_json":{"title":"Lupamaksut ja ohjeet - Muurasj\u00e4rven osakaskunta","robots":{"index":"index","follow":"follow","max-snippet":"max-snippet:-1","max-image-preview":"max-image-preview:large","max-video-preview":"max-video-preview:-1"},"canonical":"https:\/\/pihtiputaankalatalousalue.fi\/muurasjarvi\/luvat\/lupamaksut-ja-ohjeet\/","og_locale":"fi_FI","og_type":"article","og_title":"Lupamaksut ja ohjeet - Muurasj\u00e4rven osakaskunta","og_description":"Lupamaksut ja ohjeet Pyydysmaksut osakkaat Merkkien hinnat : Osakkaat 4\u20ac \/ merkki enint\u00e4\u00e4n 8 verkkoa pyynniss\u00e4 Ei vesialueen omistajat verkkomerkin hinta 8 \u20ac kpl. Verkko, rys\u00e4, ja pitk\u00e4siima merkki hinta 4 euroa kappale enint\u00e4\u00e4n 10 verkkoa \/ osakas kerralla pyynniss\u00e4. Katiska ja koukku ei lupamaksua.Uistelulupa 2 euroa ei vapa rajoitusta. Vieras (ei osuutta yhteisiin alueisiin): Lue lis\u00e4\u00e4 >","og_url":"https:\/\/pihtiputaankalatalousalue.fi\/muurasjarvi\/luvat\/lupamaksut-ja-ohjeet\/","og_site_name":"Muurasj\u00e4rven osakaskunta","article_modified_time":"2025-12-31T07:10:35+00:00","twitter_card":"summary_large_image","twitter_misc":{"Arvioitu lukuaika":"1 minuutti"},"schema":{"@context":"https:\/\/schema.org","@graph":[{"@type":"WebPage","@id":"https:\/\/pihtiputaankalatalousalue.fi\/muurasjarvi\/luvat\/lupamaksut-ja-ohjeet\/","url":"https:\/\/pihtiputaankalatalousalue.fi\/muurasjarvi\/luvat\/lupamaksut-ja-ohjeet\/","name":"Lupamaksut ja ohjeet - Muurasj\u00e4rven osakaskunta","isPartOf":{"@id":"https:\/\/pihtiputaankalatalousalue.fi\/muurasjarvi\/#website"},"datePublished":"2020-10-29T09:39:36+00:00","dateModified":"2025-12-31T07:10:35+00:00","breadcrumb":{"@id":"https:\/\/pihtiputaankalatalousalue.fi\/muurasjarvi\/luvat\/lupamaksut-ja-ohjeet\/#breadcrumb"},"inLanguage":"fi","potentialAction":[{"@type":"ReadAction","target":["https:\/\/pihtiputaankalatalousalue.fi\/muurasjarvi\/luvat\/lupamaksut-ja-ohjeet\/"]}]},{"@type":"BreadcrumbList","@id":"https:\/\/pihtiputaankalatalousalue.fi\/muurasjarvi\/luvat\/lupamaksut-ja-ohjeet\/#breadcrumb","itemListElement":[{"@type":"ListItem","position":1,"name":"Home","item":"https:\/\/pihtiputaankalatalousalue.fi\/muurasjarvi\/"},{"@type":"ListItem","position":2,"name":"Yksityinen: Luvat","item":"https:\/\/pihtiputaankalatalousalue.fi\/muurasjarvi\/?page_id=45"},{"@type":"ListItem","position":3,"name":"Lupamaksut ja ohjeet"}]},{"@type":"WebSite","@id":"https:\/\/pihtiputaankalatalousalue.fi\/muurasjarvi\/#website","url":"https:\/\/pihtiputaankalatalousalue.fi\/muurasjarvi\/","name":"Muurasj\u00e4rven osakaskunta","description":"","potentialAction":[{"@type":"SearchAction","target":{"@type":"EntryPoint","urlTemplate":"https:\/\/pihtiputaankalatalousalue.fi\/muurasjarvi\/?s={search_term_string}"},"query-input":{"@type":"PropertyValueSpecification","valueRequired":true,"valueName":"search_term_string"}}],"inLanguage":"fi"}]}},"_links":{"self":[{"href":"https:\/\/pihtiputaankalatalousalue.fi\/muurasjarvi\/wp-json\/wp\/v2\/pages\/86","targetHints":{"allow":["GET"]}}],"collection":[{"href":"https:\/\/pihtiputaankalatalousalue.fi\/muurasjarvi\/wp-json\/wp\/v2\/pages"}],"about":[{"href":"https:\/\/pihtiputaankalatalousalue.fi\/muurasjarvi\/wp-json\/wp\/v2\/types\/page"}],"author":[{"embeddable":true,"href":"https:\/\/pihtiputaankalatalousalue.fi\/muurasjarvi\/wp-json\/wp\/v2\/users\/1"}],"replies":[{"embeddable":true,"href":"https:\/\/pihtiputaankalatalousalue.fi\/muurasjarvi\/wp-json\/wp\/v2\/comments?post=86"}],"version-history":[{"count":11,"href":"https:\/\/pihtiputaankalatalousalue.fi\/muurasjarvi\/wp-json\/wp\/v2\/pages\/86\/revisions"}],"predecessor-version":[{"id":417,"href":"https:\/\/pihtiputaankalatalousalue.fi\/muurasjarvi\/wp-json\/wp\/v2\/pages\/86\/revisions\/417"}],"up":[{"embeddable":true,"href":"https:\/\/pihtiputaankalatalousalue.fi\/muurasjarvi\/wp-json\/wp\/v2\/pages\/45"}],"wp:attachment":[{"href":"https:\/\/pihtiputaankalatalousalue.fi\/muurasjarvi\/wp-json\/wp\/v2\/media?parent=86"}],"curies":[{"name":"wp","href":"https:\/\/api.w.org\/{rel}","templated":true}]}}