{"id":86,"date":"2020-10-29T11:39:36","date_gmt":"2020-10-29T09:39:36","guid":{"rendered":"http:\/\/89.166.51.80\/~pohjoispaij\/ahtola\/?page_id=86"},"modified":"2025-12-31T08:49:44","modified_gmt":"2025-12-31T06:49:44","slug":"lupamaksut-ja-ohjeet","status":"publish","type":"page","link":"https:\/\/pihtiputaankalatalousalue.fi\/pihtipudas\/luvat\/lupamaksut-ja-ohjeet\/","title":{"rendered":"Lupamaksut ja ohjeet"},"content":{"rendered":"\n<h2 class=\"wp-block-heading\">Lupamaksut ja ohjeet<\/h2>\n\n\n\n<h5 class=\"wp-block-heading\">PYYDYSMAKSUT JA M\u00c4\u00c4R\u00c4YKSET<\/h5>\n\n\n\n<p><strong>Verkot<\/strong>: 8 kpl \/ osakas 5 euroa \/ kpl. Osakaskunnan vuosikokous p\u00e4\u00e4tt\u00e4\u00e4 kaupallisen kalastuksen luvituksesta. Luvat enint\u00e4\u00e4n 75 kpl kaupalliseen kalastukseen.<\/p>\n\n\n\n<p>Ulkopuoliset \u2013 omistajakorvaus&nbsp;<strong>10 euroa \/ verkko<\/strong>.<\/p>\n\n\n\n<p>Verkko on 2 yksikk\u00f6\u00e4. Hinta&nbsp;<strong>5,00 euroa<\/strong><\/p>\n\n\n\n<p><strong>Katiska:&nbsp;<\/strong>alle 18- v vapaa pyydysmaksuista. 1 katiska = 1 yksikk\u00f6\u00e4. Hinta&nbsp;<strong>2,50 euroa<\/strong><\/p>\n\n\n\n<p><strong>Rys\u00e4<\/strong>&nbsp;\u2013 tavallinen. Katiskamerkki kappalem\u00e4\u00e4riss\u00e4 ei rajoituksia. Hinta&nbsp;<strong>2,50 euroa \/ yksikk\u00f6<\/strong><\/p>\n\n\n\n<p><strong>Koukut:&nbsp;<\/strong>Katiskamerkki \u2013 kappalem\u00e4\u00e4riss\u00e4 ei rajoituksia. Hinta 2<strong>,50 euroa<\/strong><\/p>\n\n\n\n<p><strong>Pitk\u00e4siima<\/strong>: 2 yksikk\u00f6\u00e4 \u2013 Katiskamerkki \u2013 2 katiskamerkki\u00e4 = 100 koukkua. Hinta&nbsp;<strong>5,00 euroa<\/strong><\/p>\n\n\n\n<p><strong>Nuotta: 2<\/strong>0 yksikk\u00f6\u00e4. Hinta&nbsp;<strong>50,00 euroa<\/strong>&nbsp;\/ osakas. Ulkopuoliset&nbsp;<strong>200,00 euroa<\/strong>&nbsp;\/ pyydys<\/p>\n\n\n\n<p><strong>Loukkurys\u00e4\/avorys\u00e4<\/strong>: aitaverkon korkeus alle 4 m \u2013 hinta&nbsp;<strong>27,50 euroa \/ 11 yksikk\u00f6\u00e4<\/strong><\/p>\n\n\n\n<p>aitaverkon korkeus yli 4 m \u2013 hinta&nbsp;<strong>55,00 euroa \/ 22 yksikk\u00f6\u00e4<\/strong><\/p>\n\n\n\n<p><strong>Paunetti: 10 euroa<\/strong>&nbsp;\/ kpl<\/p>\n\n\n\n<p><strong>Ravustus: 5 euroa<\/strong>&nbsp;\/ merta. Enint\u00e4\u00e4n 30 mertaa&nbsp;<strong>vain osakkaille<\/strong><\/p>\n\n\n\n<p><strong>Veto- ja heittokalastusluvat<\/strong>: osakkaat ja paikkakuntalaiset&nbsp;<strong>5 euroa \/ kausi<\/strong><\/p>\n\n\n\n<p><strong>vieraspaikkakuntalaiset 5 euroa \/ vrk tai 10 euroa \/ viikko tai 27 euroa \/ kausi<\/strong><\/p>\n\n\n\n<p><strong>Lupa on venekohtainen ja k\u00e4sitt\u00e4\u00e4 10 vapaa ja 10 pyyt\u00e4v\u00e4\u00e4 viehett\u00e4<\/strong><\/p>\n\n\n\n<p><strong><u>Ulkopuoliset<\/u><\/strong><\/p>\n\n\n\n<p><strong>Kalastuslupa 15 euroa<\/strong>&nbsp;\/ vuosi + pyydysmaksut. Enint\u00e4\u00e4n 5 verkkoa ja 5 katiskaa.<\/p>\n\n\n\n<p>Vesilintujen pyynti on osakkaille maksuton.&nbsp;<strong>Ei osakas \u2013 7 euroa \/ kausi<\/strong><\/p>\n\n\n\n<p><strong>PYYDYSM\u00c4\u00c4R\u00c4YKSET<\/strong><\/p>\n\n\n\n<p>Verkon silm\u00e4koon alaraja on 27 mm \u2013 poikkeuksena muikkuverkot. Talviaikainen rajoitus 10 m syvemm\u00e4ss\u00e4 vedess\u00e4 55 mm (kalastusrajoitus.fi).<\/p>\n\n\n\n<p><strong>Pyydysten merkinn\u00e4ss\u00e4 noudatetaan kalastuslain m\u00e4\u00e4r\u00e4\u00e4mi\u00e4 merkint\u00e4tapoja!<\/strong><\/p>\n\n\n\n<p><strong>Alamitat ovat kalastuslain m\u00e4\u00e4rittelem\u00e4t!<\/strong><\/p>\n\n\n\n<p><\/p>\n","protected":false},"excerpt":{"rendered":"<p>Lupamaksut ja ohjeet PYYDYSMAKSUT JA M\u00c4\u00c4R\u00c4YKSET Verkot: 8 kpl \/ osakas 5 euroa \/ kpl. Osakaskunnan vuosikokous p\u00e4\u00e4tt\u00e4\u00e4 kaupallisen kalastuksen luvituksesta. Luvat enint\u00e4\u00e4n 75 kpl kaupalliseen kalastukseen. Ulkopuoliset \u2013 omistajakorvaus&nbsp;10 euroa \/ verkko. Verkko on 2 yksikk\u00f6\u00e4. Hinta&nbsp;5,00 euroa Katiska:&nbsp;alle 18- v vapaa pyydysmaksuista. 1 katiska = 1 yksikk\u00f6\u00e4. Hinta&nbsp;2,50 euroa Rys\u00e4&nbsp;\u2013 tavallinen. Katiskamerkki kappalem\u00e4\u00e4riss\u00e4<\/p>\n<p><a class=\"moretag\" href=\"https:\/\/pihtiputaankalatalousalue.fi\/pihtipudas\/luvat\/lupamaksut-ja-ohjeet\/\"> Lue lis\u00e4\u00e4 ><\/a><\/p>\n","protected":false},"author":1,"featured_media":0,"parent":45,"menu_order":0,"comment_status":"closed","ping_status":"closed","template":"basic-sivu.php","meta":{"_acf_changed":false,"footnotes":""},"class_list":["post-86","page","type-page","status-publish","hentry"],"acf":[],"yoast_head":"<!-- This site is optimized with the Yoast SEO plugin v27.1.1 - https:\/\/yoast.com\/product\/yoast-seo-wordpress\/ -->\n<title>Lupamaksut ja ohjeet - Pihtiputaan osakaskunta<\/title>\n<meta name=\"robots\" content=\"index, follow, max-snippet:-1, max-image-preview:large, max-video-preview:-1\" \/>\n<link rel=\"canonical\" href=\"https:\/\/pihtiputaankalatalousalue.fi\/pihtipudas\/luvat\/lupamaksut-ja-ohjeet\/\" \/>\n<meta property=\"og:locale\" content=\"fi_FI\" \/>\n<meta property=\"og:type\" content=\"article\" \/>\n<meta property=\"og:title\" content=\"Lupamaksut ja ohjeet - Pihtiputaan osakaskunta\" \/>\n<meta property=\"og:description\" content=\"Lupamaksut ja ohjeet PYYDYSMAKSUT JA M\u00c4\u00c4R\u00c4YKSET Verkot: 8 kpl \/ osakas 5 euroa \/ kpl. Osakaskunnan vuosikokous p\u00e4\u00e4tt\u00e4\u00e4 kaupallisen kalastuksen luvituksesta. Luvat enint\u00e4\u00e4n 75 kpl kaupalliseen kalastukseen. Ulkopuoliset \u2013 omistajakorvaus&nbsp;10 euroa \/ verkko. Verkko on 2 yksikk\u00f6\u00e4. Hinta&nbsp;5,00 euroa Katiska:&nbsp;alle 18- v vapaa pyydysmaksuista. 1 katiska = 1 yksikk\u00f6\u00e4. Hinta&nbsp;2,50 euroa Rys\u00e4&nbsp;\u2013 tavallinen. Katiskamerkki kappalem\u00e4\u00e4riss\u00e4 Lue lis\u00e4\u00e4 &gt;\" \/>\n<meta property=\"og:url\" content=\"https:\/\/pihtiputaankalatalousalue.fi\/pihtipudas\/luvat\/lupamaksut-ja-ohjeet\/\" \/>\n<meta property=\"og:site_name\" content=\"Pihtiputaan osakaskunta\" \/>\n<meta property=\"article:modified_time\" content=\"2025-12-31T06:49:44+00:00\" \/>\n<meta name=\"twitter:card\" content=\"summary_large_image\" \/>\n<meta name=\"twitter:label1\" content=\"Arvioitu lukuaika\" \/>\n\t<meta name=\"twitter:data1\" content=\"2 minuuttia\" \/>\n<script type=\"application\/ld+json\" class=\"yoast-schema-graph\">{\"@context\":\"https:\/\/schema.org\",\"@graph\":[{\"@type\":\"WebPage\",\"@id\":\"https:\/\/pihtiputaankalatalousalue.fi\/pihtipudas\/luvat\/lupamaksut-ja-ohjeet\/\",\"url\":\"https:\/\/pihtiputaankalatalousalue.fi\/pihtipudas\/luvat\/lupamaksut-ja-ohjeet\/\",\"name\":\"Lupamaksut ja ohjeet - Pihtiputaan osakaskunta\",\"isPartOf\":{\"@id\":\"https:\/\/pihtiputaankalatalousalue.fi\/pihtipudas\/#website\"},\"datePublished\":\"2020-10-29T09:39:36+00:00\",\"dateModified\":\"2025-12-31T06:49:44+00:00\",\"breadcrumb\":{\"@id\":\"https:\/\/pihtiputaankalatalousalue.fi\/pihtipudas\/luvat\/lupamaksut-ja-ohjeet\/#breadcrumb\"},\"inLanguage\":\"fi\",\"potentialAction\":[{\"@type\":\"ReadAction\",\"target\":[\"https:\/\/pihtiputaankalatalousalue.fi\/pihtipudas\/luvat\/lupamaksut-ja-ohjeet\/\"]}]},{\"@type\":\"BreadcrumbList\",\"@id\":\"https:\/\/pihtiputaankalatalousalue.fi\/pihtipudas\/luvat\/lupamaksut-ja-ohjeet\/#breadcrumb\",\"itemListElement\":[{\"@type\":\"ListItem\",\"position\":1,\"name\":\"Home\",\"item\":\"https:\/\/pihtiputaankalatalousalue.fi\/pihtipudas\/\"},{\"@type\":\"ListItem\",\"position\":2,\"name\":\"Yksityinen: Luvat\",\"item\":\"https:\/\/pihtiputaankalatalousalue.fi\/pihtipudas\/?page_id=45\"},{\"@type\":\"ListItem\",\"position\":3,\"name\":\"Lupamaksut ja ohjeet\"}]},{\"@type\":\"WebSite\",\"@id\":\"https:\/\/pihtiputaankalatalousalue.fi\/pihtipudas\/#website\",\"url\":\"https:\/\/pihtiputaankalatalousalue.fi\/pihtipudas\/\",\"name\":\"Pihtiputaan osakaskunta\",\"description\":\"\",\"potentialAction\":[{\"@type\":\"SearchAction\",\"target\":{\"@type\":\"EntryPoint\",\"urlTemplate\":\"https:\/\/pihtiputaankalatalousalue.fi\/pihtipudas\/?s={search_term_string}\"},\"query-input\":{\"@type\":\"PropertyValueSpecification\",\"valueRequired\":true,\"valueName\":\"search_term_string\"}}],\"inLanguage\":\"fi\"}]}<\/script>\n<!-- \/ Yoast SEO plugin. -->","yoast_head_json":{"title":"Lupamaksut ja ohjeet - Pihtiputaan osakaskunta","robots":{"index":"index","follow":"follow","max-snippet":"max-snippet:-1","max-image-preview":"max-image-preview:large","max-video-preview":"max-video-preview:-1"},"canonical":"https:\/\/pihtiputaankalatalousalue.fi\/pihtipudas\/luvat\/lupamaksut-ja-ohjeet\/","og_locale":"fi_FI","og_type":"article","og_title":"Lupamaksut ja ohjeet - Pihtiputaan osakaskunta","og_description":"Lupamaksut ja ohjeet PYYDYSMAKSUT JA M\u00c4\u00c4R\u00c4YKSET Verkot: 8 kpl \/ osakas 5 euroa \/ kpl. Osakaskunnan vuosikokous p\u00e4\u00e4tt\u00e4\u00e4 kaupallisen kalastuksen luvituksesta. Luvat enint\u00e4\u00e4n 75 kpl kaupalliseen kalastukseen. Ulkopuoliset \u2013 omistajakorvaus&nbsp;10 euroa \/ verkko. Verkko on 2 yksikk\u00f6\u00e4. Hinta&nbsp;5,00 euroa Katiska:&nbsp;alle 18- v vapaa pyydysmaksuista. 1 katiska = 1 yksikk\u00f6\u00e4. Hinta&nbsp;2,50 euroa Rys\u00e4&nbsp;\u2013 tavallinen. Katiskamerkki kappalem\u00e4\u00e4riss\u00e4 Lue lis\u00e4\u00e4 >","og_url":"https:\/\/pihtiputaankalatalousalue.fi\/pihtipudas\/luvat\/lupamaksut-ja-ohjeet\/","og_site_name":"Pihtiputaan osakaskunta","article_modified_time":"2025-12-31T06:49:44+00:00","twitter_card":"summary_large_image","twitter_misc":{"Arvioitu lukuaika":"2 minuuttia"},"schema":{"@context":"https:\/\/schema.org","@graph":[{"@type":"WebPage","@id":"https:\/\/pihtiputaankalatalousalue.fi\/pihtipudas\/luvat\/lupamaksut-ja-ohjeet\/","url":"https:\/\/pihtiputaankalatalousalue.fi\/pihtipudas\/luvat\/lupamaksut-ja-ohjeet\/","name":"Lupamaksut ja ohjeet - Pihtiputaan osakaskunta","isPartOf":{"@id":"https:\/\/pihtiputaankalatalousalue.fi\/pihtipudas\/#website"},"datePublished":"2020-10-29T09:39:36+00:00","dateModified":"2025-12-31T06:49:44+00:00","breadcrumb":{"@id":"https:\/\/pihtiputaankalatalousalue.fi\/pihtipudas\/luvat\/lupamaksut-ja-ohjeet\/#breadcrumb"},"inLanguage":"fi","potentialAction":[{"@type":"ReadAction","target":["https:\/\/pihtiputaankalatalousalue.fi\/pihtipudas\/luvat\/lupamaksut-ja-ohjeet\/"]}]},{"@type":"BreadcrumbList","@id":"https:\/\/pihtiputaankalatalousalue.fi\/pihtipudas\/luvat\/lupamaksut-ja-ohjeet\/#breadcrumb","itemListElement":[{"@type":"ListItem","position":1,"name":"Home","item":"https:\/\/pihtiputaankalatalousalue.fi\/pihtipudas\/"},{"@type":"ListItem","position":2,"name":"Yksityinen: Luvat","item":"https:\/\/pihtiputaankalatalousalue.fi\/pihtipudas\/?page_id=45"},{"@type":"ListItem","position":3,"name":"Lupamaksut ja ohjeet"}]},{"@type":"WebSite","@id":"https:\/\/pihtiputaankalatalousalue.fi\/pihtipudas\/#website","url":"https:\/\/pihtiputaankalatalousalue.fi\/pihtipudas\/","name":"Pihtiputaan osakaskunta","description":"","potentialAction":[{"@type":"SearchAction","target":{"@type":"EntryPoint","urlTemplate":"https:\/\/pihtiputaankalatalousalue.fi\/pihtipudas\/?s={search_term_string}"},"query-input":{"@type":"PropertyValueSpecification","valueRequired":true,"valueName":"search_term_string"}}],"inLanguage":"fi"}]}},"_links":{"self":[{"href":"https:\/\/pihtiputaankalatalousalue.fi\/pihtipudas\/wp-json\/wp\/v2\/pages\/86","targetHints":{"allow":["GET"]}}],"collection":[{"href":"https:\/\/pihtiputaankalatalousalue.fi\/pihtipudas\/wp-json\/wp\/v2\/pages"}],"about":[{"href":"https:\/\/pihtiputaankalatalousalue.fi\/pihtipudas\/wp-json\/wp\/v2\/types\/page"}],"author":[{"embeddable":true,"href":"https:\/\/pihtiputaankalatalousalue.fi\/pihtipudas\/wp-json\/wp\/v2\/users\/1"}],"replies":[{"embeddable":true,"href":"https:\/\/pihtiputaankalatalousalue.fi\/pihtipudas\/wp-json\/wp\/v2\/comments?post=86"}],"version-history":[{"count":11,"href":"https:\/\/pihtiputaankalatalousalue.fi\/pihtipudas\/wp-json\/wp\/v2\/pages\/86\/revisions"}],"predecessor-version":[{"id":421,"href":"https:\/\/pihtiputaankalatalousalue.fi\/pihtipudas\/wp-json\/wp\/v2\/pages\/86\/revisions\/421"}],"up":[{"embeddable":true,"href":"https:\/\/pihtiputaankalatalousalue.fi\/pihtipudas\/wp-json\/wp\/v2\/pages\/45"}],"wp:attachment":[{"href":"https:\/\/pihtiputaankalatalousalue.fi\/pihtipudas\/wp-json\/wp\/v2\/media?parent=86"}],"curies":[{"name":"wp","href":"https:\/\/api.w.org\/{rel}","templated":true}]}}