{"id":26,"date":"2020-10-29T08:31:59","date_gmt":"2020-10-29T08:31:59","guid":{"rendered":"http:\/\/89.166.51.80\/~pohjoispaij\/ahtola\/?page_id=26"},"modified":"2025-05-05T14:38:58","modified_gmt":"2025-05-05T11:38:58","slug":"tiedot","status":"publish","type":"page","link":"https:\/\/pihtiputaankalatalousalue.fi\/purala\/tiedot\/","title":{"rendered":"Tiedot"},"content":{"rendered":"\n<h2 class=\"wp-block-heading\">Yhteystiedot<\/h2>\n\n\n\n<h3 class=\"wp-block-heading\">Puheenjohtaja<\/h3>\n\n\n\n<p>Jyri S\u00e4\u00e4ksj\u00e4rvi<br>040 824 7962<br>jyrsaak@hotmail.com<\/p>\n\n\n\n<h3 class=\"wp-block-heading\">Sihteeri<\/h3>\n\n\n\n<p>Kari Nerg<br>040 7500344<br><a href=\"mailto:nergkari54@gmail.com\">nergkari54@gmail.com<\/a><\/p>\n\n\n\n<p><\/p>\n\n\n\n<p>Teuvo Virvell<br>0400 904621<br>tvirvell@gmail.com<\/p>\n\n\n\n<h2 class=\"wp-block-heading\">Sijainti<\/h2>\n\n\n","protected":false},"excerpt":{"rendered":"<p>Yhteystiedot Puheenjohtaja Jyri S\u00e4\u00e4ksj\u00e4rvi040 824 7962jyrsaak@hotmail.com Sihteeri Kari Nerg040 7500344nergkari54@gmail.com Teuvo Virvell0400 904621tvirvell@gmail.com Sijainti<\/p>\n","protected":false},"author":1,"featured_media":0,"parent":0,"menu_order":0,"comment_status":"closed","ping_status":"closed","template":"basic-sivu.php","meta":{"_acf_changed":false,"footnotes":""},"class_list":["post-26","page","type-page","status-publish","hentry"],"acf":[],"yoast_head":"<!-- This site is optimized with the Yoast SEO plugin v27.1.1 - https:\/\/yoast.com\/product\/yoast-seo-wordpress\/ -->\n<title>Tiedot - Puralan osakaskunta<\/title>\n<meta name=\"robots\" content=\"index, follow, max-snippet:-1, max-image-preview:large, max-video-preview:-1\" \/>\n<link rel=\"canonical\" href=\"https:\/\/pihtiputaankalatalousalue.fi\/purala\/tiedot\/\" \/>\n<meta property=\"og:locale\" content=\"fi_FI\" \/>\n<meta property=\"og:type\" content=\"article\" \/>\n<meta property=\"og:title\" content=\"Tiedot - Puralan osakaskunta\" \/>\n<meta property=\"og:description\" content=\"Yhteystiedot Puheenjohtaja Jyri S\u00e4\u00e4ksj\u00e4rvi040 824 7962jyrsaak@hotmail.com Sihteeri Kari Nerg040 7500344nergkari54@gmail.com Teuvo Virvell0400 904621tvirvell@gmail.com Sijainti\" \/>\n<meta property=\"og:url\" content=\"https:\/\/pihtiputaankalatalousalue.fi\/purala\/tiedot\/\" \/>\n<meta property=\"og:site_name\" content=\"Puralan osakaskunta\" \/>\n<meta property=\"article:modified_time\" content=\"2025-05-05T11:38:58+00:00\" \/>\n<meta name=\"twitter:card\" content=\"summary_large_image\" \/>\n<meta name=\"twitter:label1\" content=\"Arvioitu lukuaika\" \/>\n\t<meta name=\"twitter:data1\" content=\"1 minuutti\" \/>\n<script type=\"application\/ld+json\" class=\"yoast-schema-graph\">{\"@context\":\"https:\/\/schema.org\",\"@graph\":[{\"@type\":\"WebPage\",\"@id\":\"https:\/\/pihtiputaankalatalousalue.fi\/purala\/tiedot\/\",\"url\":\"https:\/\/pihtiputaankalatalousalue.fi\/purala\/tiedot\/\",\"name\":\"Tiedot - Puralan osakaskunta\",\"isPartOf\":{\"@id\":\"https:\/\/pihtiputaankalatalousalue.fi\/purala\/#website\"},\"datePublished\":\"2020-10-29T08:31:59+00:00\",\"dateModified\":\"2025-05-05T11:38:58+00:00\",\"breadcrumb\":{\"@id\":\"https:\/\/pihtiputaankalatalousalue.fi\/purala\/tiedot\/#breadcrumb\"},\"inLanguage\":\"fi\",\"potentialAction\":[{\"@type\":\"ReadAction\",\"target\":[\"https:\/\/pihtiputaankalatalousalue.fi\/purala\/tiedot\/\"]}]},{\"@type\":\"BreadcrumbList\",\"@id\":\"https:\/\/pihtiputaankalatalousalue.fi\/purala\/tiedot\/#breadcrumb\",\"itemListElement\":[{\"@type\":\"ListItem\",\"position\":1,\"name\":\"Home\",\"item\":\"https:\/\/pihtiputaankalatalousalue.fi\/purala\/\"},{\"@type\":\"ListItem\",\"position\":2,\"name\":\"Tiedot\"}]},{\"@type\":\"WebSite\",\"@id\":\"https:\/\/pihtiputaankalatalousalue.fi\/purala\/#website\",\"url\":\"https:\/\/pihtiputaankalatalousalue.fi\/purala\/\",\"name\":\"Puralan osakaskunta\",\"description\":\"\",\"potentialAction\":[{\"@type\":\"SearchAction\",\"target\":{\"@type\":\"EntryPoint\",\"urlTemplate\":\"https:\/\/pihtiputaankalatalousalue.fi\/purala\/?s={search_term_string}\"},\"query-input\":{\"@type\":\"PropertyValueSpecification\",\"valueRequired\":true,\"valueName\":\"search_term_string\"}}],\"inLanguage\":\"fi\"}]}<\/script>\n<!-- \/ Yoast SEO plugin. -->","yoast_head_json":{"title":"Tiedot - Puralan osakaskunta","robots":{"index":"index","follow":"follow","max-snippet":"max-snippet:-1","max-image-preview":"max-image-preview:large","max-video-preview":"max-video-preview:-1"},"canonical":"https:\/\/pihtiputaankalatalousalue.fi\/purala\/tiedot\/","og_locale":"fi_FI","og_type":"article","og_title":"Tiedot - Puralan osakaskunta","og_description":"Yhteystiedot Puheenjohtaja Jyri S\u00e4\u00e4ksj\u00e4rvi040 824 7962jyrsaak@hotmail.com Sihteeri Kari Nerg040 7500344nergkari54@gmail.com Teuvo Virvell0400 904621tvirvell@gmail.com Sijainti","og_url":"https:\/\/pihtiputaankalatalousalue.fi\/purala\/tiedot\/","og_site_name":"Puralan osakaskunta","article_modified_time":"2025-05-05T11:38:58+00:00","twitter_card":"summary_large_image","twitter_misc":{"Arvioitu lukuaika":"1 minuutti"},"schema":{"@context":"https:\/\/schema.org","@graph":[{"@type":"WebPage","@id":"https:\/\/pihtiputaankalatalousalue.fi\/purala\/tiedot\/","url":"https:\/\/pihtiputaankalatalousalue.fi\/purala\/tiedot\/","name":"Tiedot - Puralan osakaskunta","isPartOf":{"@id":"https:\/\/pihtiputaankalatalousalue.fi\/purala\/#website"},"datePublished":"2020-10-29T08:31:59+00:00","dateModified":"2025-05-05T11:38:58+00:00","breadcrumb":{"@id":"https:\/\/pihtiputaankalatalousalue.fi\/purala\/tiedot\/#breadcrumb"},"inLanguage":"fi","potentialAction":[{"@type":"ReadAction","target":["https:\/\/pihtiputaankalatalousalue.fi\/purala\/tiedot\/"]}]},{"@type":"BreadcrumbList","@id":"https:\/\/pihtiputaankalatalousalue.fi\/purala\/tiedot\/#breadcrumb","itemListElement":[{"@type":"ListItem","position":1,"name":"Home","item":"https:\/\/pihtiputaankalatalousalue.fi\/purala\/"},{"@type":"ListItem","position":2,"name":"Tiedot"}]},{"@type":"WebSite","@id":"https:\/\/pihtiputaankalatalousalue.fi\/purala\/#website","url":"https:\/\/pihtiputaankalatalousalue.fi\/purala\/","name":"Puralan osakaskunta","description":"","potentialAction":[{"@type":"SearchAction","target":{"@type":"EntryPoint","urlTemplate":"https:\/\/pihtiputaankalatalousalue.fi\/purala\/?s={search_term_string}"},"query-input":{"@type":"PropertyValueSpecification","valueRequired":true,"valueName":"search_term_string"}}],"inLanguage":"fi"}]}},"_links":{"self":[{"href":"https:\/\/pihtiputaankalatalousalue.fi\/purala\/wp-json\/wp\/v2\/pages\/26","targetHints":{"allow":["GET"]}}],"collection":[{"href":"https:\/\/pihtiputaankalatalousalue.fi\/purala\/wp-json\/wp\/v2\/pages"}],"about":[{"href":"https:\/\/pihtiputaankalatalousalue.fi\/purala\/wp-json\/wp\/v2\/types\/page"}],"author":[{"embeddable":true,"href":"https:\/\/pihtiputaankalatalousalue.fi\/purala\/wp-json\/wp\/v2\/users\/1"}],"replies":[{"embeddable":true,"href":"https:\/\/pihtiputaankalatalousalue.fi\/purala\/wp-json\/wp\/v2\/comments?post=26"}],"version-history":[{"count":8,"href":"https:\/\/pihtiputaankalatalousalue.fi\/purala\/wp-json\/wp\/v2\/pages\/26\/revisions"}],"predecessor-version":[{"id":429,"href":"https:\/\/pihtiputaankalatalousalue.fi\/purala\/wp-json\/wp\/v2\/pages\/26\/revisions\/429"}],"wp:attachment":[{"href":"https:\/\/pihtiputaankalatalousalue.fi\/purala\/wp-json\/wp\/v2\/media?parent=26"}],"curies":[{"name":"wp","href":"https:\/\/api.w.org\/{rel}","templated":true}]}}